{"id":4321,"date":"2016-02-02T17:28:54","date_gmt":"2016-02-02T16:28:54","guid":{"rendered":"https:\/\/balipiedranatural.store\/product\/cesped-artificial-maximo\/"},"modified":"2024-03-05T12:05:19","modified_gmt":"2024-03-05T11:05:19","slug":"cesped-artificial-maximo","status":"publish","type":"product","link":"https:\/\/balipiedranatural.store\/en\/product\/cesped-artificial-maximo\/","title":{"rendered":"Artificial turf Maximum"},"content":{"rendered":"<p>Green or brown terry. Straight monofilament.<\/p>\n<p><strong>Height<\/strong>:<br \/>\n55 mm.<\/p>\n<p><strong>Presentation<\/strong>:<br \/>\nRoll 2\u00d720 m.<\/p>","protected":false},"excerpt":{"rendered":"<p>Rizo verde \u00f3 marr\u00f3n. Monofilamento recto. Altura: 55 mm. Presentaci\u00f3n: Rollo 2&#215;20 m.<\/p>","protected":false},"featured_media":4322,"template":"","meta":[],"product_cat":[48],"product_tag":[87,88,96],"class_list":["post-4321","product","type-product","status-publish","has-post-thumbnail","hentry","product_cat-cesped-artificial","product_tag-artificial","product_tag-cesped","product_tag-maximo"],"_links":{"self":[{"href":"https:\/\/balipiedranatural.store\/en\/wp-json\/wp\/v2\/product\/4321","targetHints":{"allow":["GET"]}}],"collection":[{"href":"https:\/\/balipiedranatural.store\/en\/wp-json\/wp\/v2\/product"}],"about":[{"href":"https:\/\/balipiedranatural.store\/en\/wp-json\/wp\/v2\/types\/product"}],"wp:featuredmedia":[{"embeddable":true,"href":"https:\/\/balipiedranatural.store\/en\/wp-json\/wp\/v2\/media\/4322"}],"wp:attachment":[{"href":"https:\/\/balipiedranatural.store\/en\/wp-json\/wp\/v2\/media?parent=4321"}],"wp:term":[{"taxonomy":"product_cat","embeddable":true,"href":"https:\/\/balipiedranatural.store\/en\/wp-json\/wp\/v2\/product_cat?post=4321"},{"taxonomy":"product_tag","embeddable":true,"href":"https:\/\/balipiedranatural.store\/en\/wp-json\/wp\/v2\/product_tag?post=4321"}],"curies":[{"name":"wp","href":"https:\/\/api.w.org\/{rel}","templated":true}]}}